{"id":2615,"date":"2025-06-27T14:17:32","date_gmt":"2025-06-27T12:17:32","guid":{"rendered":"https:\/\/www.hotelloredanalivigno.com\/erklaerung-zur-zugaenglichkeit\/"},"modified":"2025-09-09T12:54:55","modified_gmt":"2025-09-09T10:54:55","slug":"erklaerung-zur-zugaenglichkeit","status":"publish","type":"page","link":"https:\/\/www.hotelloredanalivigno.com\/de\/erklaerung-zur-zugaenglichkeit\/","title":{"rendered":"Erkl\u00e4rung zur Zug\u00e4nglichkeit"},"content":{"rendered":"\t\t<div data-elementor-type=\"wp-page\" data-elementor-id=\"2615\" class=\"elementor elementor-2615 elementor-1118\" data-elementor-post-type=\"page\">\n\t\t\t\t<div class=\"elementor-element elementor-element-fea015a e-flex e-con-boxed e-con e-parent\" data-id=\"fea015a\" data-element_type=\"container\" data-e-type=\"container\">\n\t\t\t\t\t<div class=\"e-con-inner\">\n\t\t<div class=\"elementor-element elementor-element-d7b2f33 e-con-full e-flex e-con e-child\" data-id=\"d7b2f33\" data-element_type=\"container\" data-e-type=\"container\" data-settings=\"{&quot;background_background&quot;:&quot;classic&quot;}\">\n\t\t\t\t<div class=\"elementor-element elementor-element-f1cd5c3 elementor-widget elementor-widget-shortcode\" data-id=\"f1cd5c3\" data-element_type=\"widget\" data-e-type=\"widget\" data-widget_type=\"shortcode.default\">\n\t\t\t\t<div class=\"elementor-widget-container\">\n\t\t\t\t\t\t\t<div class=\"elementor-shortcode\"><h1>Erkl\u00e4rung zur Zug\u00e4nglichkeit<\/h1><h2>Hotel Loredana<\/h2><p>Via Teola, 106 23030 Livigno (SO), Italia<\/p><p><a href=\"mailto:loredana@bormolinihotels.com\">loredana@bormolinihotels.com<\/a><\/p><p>Firmenname: EREDI BORMOLINI RITA SRL<br>\r\nEingetragener Sitz: Via Saroch, 1272 \u2013 23041 Livigno (So), Italia<br>\r\nRegistrierungs-Nr. Firmen-Reg.-Nr: 92018050143 Sondrio<br>\r\nSozialkapital: \u20ac 14.000,00 i.v.<br>\r\nUmsatzsteuer-Identifikationsnummer und Steuernummer: 92018050143<br>\r\nREA: SO \u2013 62140<br>\r\nPEC: amministrazione@pec.bormolinihotels.com<br>\r\nCIR:014037-ALB-00137<br>\r\nCIN:IT014037A1I79XF7SY<\/p><p>Die Website wurde am <strong>9 Februar 2026<\/strong> ver\u00f6ffentlicht<br>Die Website wurde am <strong>18 April 2026<\/strong> aktualisiert<\/p><h2>Konformit\u00e4t<\/h2><p>Diese Website ist teilweise konform mit den Anforderungen von Anhang A der Norm UNI CEI EN 301 549 (WCAG 2.1 Stufe AA).<\/p><h2>Nicht barrierefreie Inhalte<\/h2><ul><li>Brotkr\u00fcmelnavigation nicht vorhanden<\/li><\/ul><h2>Erkl\u00e4rung verfasst von Hotel Loredana<\/h2><p>Network Service Srl, basierend auf einer internen Bewertung vom 18 April 2026.<br> Die Erkl\u00e4rung wurde auf Grundlage einer Bewertung gem\u00e4\u00df der Richtlinie (EU) 2016\/2102 erstellt, durch eine Selbsteinsch\u00e4tzung von Network Service Srl mit Unterst\u00fctzung automatisierter Tools.<\/p><h2>Meldung von Problemen<\/h2><p>Sie k\u00f6nnen Barrierefreiheitsprobleme melden an:<br> E-Mail: <span style=\"text-decoration: underline;\"><a href=\"mailto:accessibilita@network-service.it\">accessibilita@network-service.it<\/a><\/span><br> Wir antworten innerhalb von 30 Werktagen.<\/p><h2>Meldung an AgID<\/h2><p>Wenn die Antwort nicht zufriedenstellend ist, k\u00f6nnen Sie eine Meldung an AgID senden: protocollo@pec.agid.gov.it.<\/p><\/div><style>\r\n        h1 { color: var(--e-global-color-primary); font-size: 40px !important; }\r\n        h2 { color: var(--e-global-color-text); font-size: 24px !important; }\r\n        p, a, li  { color: var(--e-global-color-text); font-size: 16px !important; }\r\n    <\/style><\/div>\n\t\t\t\t\t\t<\/div>\n\t\t\t\t<\/div>\n\t\t\t\t<div class=\"elementor-element elementor-element-2daca69 elementor-widget elementor-widget-shortcode\" data-id=\"2daca69\" data-element_type=\"widget\" data-e-type=\"widget\" data-widget_type=\"shortcode.default\">\n\t\t\t\t<div class=\"elementor-widget-container\">\n\t\t\t\t\t\t\t<div class=\"elementor-shortcode\"><script>\n    jQuery( document ).ready(function() {\n        jQuery('be-searchbox').remove();\n    });\n<\/script><\/div>\n\t\t\t\t\t\t<\/div>\n\t\t\t\t<\/div>\n\t\t\t\t<\/div>\n\t\t\t\t\t<\/div>\n\t\t\t\t<\/div>\n\t\t\t\t<\/div>\n\t\t","protected":false},"excerpt":{"rendered":"","protected":false},"author":2,"featured_media":0,"parent":0,"menu_order":0,"comment_status":"closed","ping_status":"closed","template":"elementor_canvas","meta":{"_acf_changed":false,"footnotes":""},"class_list":["post-2615","page","type-page","status-publish","hentry"],"acf":[],"_links":{"self":[{"href":"https:\/\/www.hotelloredanalivigno.com\/de\/wp-json\/wp\/v2\/pages\/2615","targetHints":{"allow":["GET"]}}],"collection":[{"href":"https:\/\/www.hotelloredanalivigno.com\/de\/wp-json\/wp\/v2\/pages"}],"about":[{"href":"https:\/\/www.hotelloredanalivigno.com\/de\/wp-json\/wp\/v2\/types\/page"}],"author":[{"embeddable":true,"href":"https:\/\/www.hotelloredanalivigno.com\/de\/wp-json\/wp\/v2\/users\/2"}],"replies":[{"embeddable":true,"href":"https:\/\/www.hotelloredanalivigno.com\/de\/wp-json\/wp\/v2\/comments?post=2615"}],"version-history":[{"count":1,"href":"https:\/\/www.hotelloredanalivigno.com\/de\/wp-json\/wp\/v2\/pages\/2615\/revisions"}],"predecessor-version":[{"id":2616,"href":"https:\/\/www.hotelloredanalivigno.com\/de\/wp-json\/wp\/v2\/pages\/2615\/revisions\/2616"}],"wp:attachment":[{"href":"https:\/\/www.hotelloredanalivigno.com\/de\/wp-json\/wp\/v2\/media?parent=2615"}],"curies":[{"name":"wp","href":"https:\/\/api.w.org\/{rel}","templated":true}]}}